{"id":1085,"date":"2023-10-30T19:30:59","date_gmt":"2023-10-30T19:30:59","guid":{"rendered":"https:\/\/aocraneal.com\/?page_id=1085"},"modified":"2023-10-30T19:34:34","modified_gmt":"2023-10-30T19:34:34","slug":"politica-de-privacidad","status":"publish","type":"page","link":"https:\/\/aocraneal.com\/eu\/politica-de-privacidad\/","title":{"rendered":"Pol\u00edtica de Privacidad"},"content":{"rendered":"<div class=\"wpb-content-wrapper\"><div      class=\"vc_row wpb_row section vc_row-fluid  formulario vc_custom_1698693757613 grid_section\" style=' text-align:left;'><div class=\"section_inner clearfix\"><div class='section_inner_margin clearfix'><div class=\"wpb_column vc_column_container vc_col-sm-12\"><div class=\"vc_column-inner\"><div class=\"wpb_wrapper\">\n\t<div class=\"wpb_text_column wpb_content_element\">\n\t\t<div class=\"wpb_wrapper\">\n\t\t\t<table>\n<thead>\n<tr>\n<th colspan=\"2\"><span style=\"font-weight: 400;\">INFORMACI\u00f3N B\u00e1SICA SOBRE PROTECCI\u00f3N DE DATOS\u00a0\u00a0<\/span><\/p>\n<p><span style=\"font-weight: 400;\">CONFORME RGPD 679\/2016 Y LOPD 3\/2018<\/span><\/th>\n<\/tr>\n<\/thead>\n<tbody>\n<tr>\n<td><b>RESPONSABLE<\/b><\/td>\n<td><span style=\"font-weight: 400;\">ASOCIACI\u00d3N DE OSTEOPAT\u00cdA CRANEAL\u00a0 \u00a0 \u00a0 \u00a0 \u00a0 \u00a0 \u00a0 \u00a0 \u00a0 \u00a0 \u00a0 \u00a0 \u00a0 \u00a0 \u00a0 \u00a0 \u00a0 \u00a0 \u00a0 \u00a0 \u00a0 \u00a0 \u00a0 \u00a0 \u00a0 \u00a0 \u00a0 \u00a0 \u00a0 \u00a0 \u00a0 \u00a0 \u00a0 \u00a0 \u00a0 \u00a0 \u00a0 \u00a0 \u00a0 \u00a0 \u00a0 \u00a0 \u00a0 \u00a0 \u00a0<\/span><\/td>\n<\/tr>\n<tr>\n<td><b>FINALIDAD<\/b><\/td>\n<td><span style=\"font-weight: 400;\">Finalidad de gesti\u00f3n administrativa de la web<\/span> <span style=\"font-weight: 400;\">\u00a0y gesti\u00f3n comercial de los datos personales de posibles clientes\u00a0\u00a0\u00a0\u00a0\u00a0\u00a0\u00a0\u00a0\u00a0\u00a0\u00a0\u00a0\u00a0\u00a0\u00a0\u00a0\u00a0\u00a0\u00a0\u00a0\u00a0\u00a0\u00a0\u00a0\u00a0\u00a0\u00a0\u00a0\u00a0\u00a0\u00a0\u00a0\u00a0\u00a0\u00a0\u00a0\u00a0\u00a0\u00a0\u00a0\u00a0\u00a0\u00a0\u00a0\u00a0\u00a0\u00a0\u00a0\u00a0\u00a0\u00a0\u00a0\u00a0\u00a0\u00a0\u00a0\u00a0\u00a0\u00a0\u00a0\u00a0\u00a0\u00a0\u00a0\u00a0\u00a0\u00a0\u00a0\u00a0\u00a0\u00a0\u00a0\u00a0\u00a0\u00a0\u00a0\u00a0\u00a0\u00a0\u00a0\u00a0\u00a0\u00a0\u00a0\u00a0\u00a0\u00a0\u00a0\u00a0\u00a0\u00a0\u00a0\u00a0\u00a0\u00a0\u00a0\u00a0\u00a0\u00a0\u00a0\u00a0\u00a0\u00a0\u00a0\u00a0\u00a0\u00a0\u00a0\u00a0\u00a0\u00a0\u00a0\u00a0\u00a0\u00a0\u00a0\u00a0\u00a0\u00a0\u00a0\u00a0\u00a0\u00a0\u00a0\u00a0\u00a0\u00a0\u00a0\u00a0\u00a0\u00a0\u00a0\u00a0\u00a0\u00a0\u00a0\u00a0\u00a0\u00a0\u00a0\u00a0\u00a0\u00a0\u00a0\u00a0\u00a0\u00a0\u00a0\u00a0\u00a0\u00a0\u00a0\u00a0\u00a0\u00a0\u00a0\u00a0<\/span><\/td>\n<\/tr>\n<tr>\n<td><b>LEGITIMACI\u00d3N<\/b><\/td>\n<td><span style=\"font-weight: 400;\">Consentimiento del interesado y relaci\u00f3n precontractual con posibles clientes\u00a0\u00a0\u00a0\u00a0\u00a0\u00a0\u00a0\u00a0\u00a0\u00a0\u00a0\u00a0\u00a0\u00a0\u00a0\u00a0\u00a0\u00a0\u00a0\u00a0\u00a0\u00a0\u00a0\u00a0\u00a0\u00a0\u00a0\u00a0\u00a0\u00a0\u00a0\u00a0\u00a0\u00a0\u00a0\u00a0\u00a0\u00a0\u00a0\u00a0\u00a0\u00a0\u00a0\u00a0\u00a0\u00a0\u00a0\u00a0\u00a0\u00a0\u00a0\u00a0\u00a0\u00a0\u00a0\u00a0\u00a0\u00a0\u00a0<\/span><\/td>\n<\/tr>\n<tr>\n<td><b>DESTINATARIOS<\/b><\/td>\n<td><span style=\"font-weight: 400;\">No se ceder\u00e1n datos a terceros, salvo obligaci\u00f3n legal\u00a0 \u00a0 \u00a0 \u00a0 \u00a0 \u00a0 \u00a0 \u00a0 \u00a0 \u00a0 \u00a0 \u00a0 \u00a0 \u00a0 \u00a0 \u00a0 \u00a0 \u00a0 \u00a0 \u00a0 \u00a0 \u00a0 \u00a0 \u00a0 \u00a0 \u00a0 \u00a0 \u00a0 \u00a0 \u00a0 \u00a0 \u00a0 \u00a0 \u00a0 \u00a0 \u00a0 \u00a0 \u00a0 \u00a0 \u00a0 \u00a0 \u00a0 \u00a0 \u00a0 \u00a0 \u00a0 \u00a0 \u00a0 \u00a0 \u00a0 \u00a0 \u00a0 \u00a0<\/span><\/td>\n<\/tr>\n<tr>\n<td><b>DERECHOS<\/b><\/td>\n<td><span style=\"font-weight: 400;\">D\u00ba de acceso, rectificaci\u00f3n, supresi\u00f3n y oposici\u00f3n y otros derechos, como se explica en la informaci\u00f3n adicional\u00a0\u00a0\u00a0\u00a0\u00a0\u00a0\u00a0\u00a0\u00a0\u00a0\u00a0\u00a0\u00a0\u00a0\u00a0\u00a0\u00a0\u00a0\u00a0\u00a0\u00a0\u00a0\u00a0\u00a0\u00a0\u00a0\u00a0\u00a0\u00a0\u00a0\u00a0\u00a0\u00a0\u00a0\u00a0\u00a0\u00a0\u00a0\u00a0\u00a0\u00a0\u00a0\u00a0\u00a0\u00a0\u00a0\u00a0\u00a0\u00a0\u00a0\u00a0\u00a0\u00a0\u00a0\u00a0\u00a0\u00a0\u00a0\u00a0\u00a0\u00a0<\/span><\/td>\n<\/tr>\n<tr>\n<td><b>INFORMACI\u00d3N ADICIONAL<\/b><\/td>\n<td><span style=\"font-weight: 400;\">Para obtener m\u00e1s informaci\u00f3n, puede consultar la siguiente tabla<\/span><\/td>\n<\/tr>\n<\/tbody>\n<\/table>\n\n\t\t<\/div> \n\t<\/div> \n\t<div class=\"wpb_text_column wpb_content_element\">\n\t\t<div class=\"wpb_wrapper\">\n\t\t\t<table>\n<thead>\n<tr>\n<th colspan=\"2\"><span style=\"font-weight: 400;\">INFORMACI\u00d3N ADICIONAL SOBRE PROTECCI\u00d3N DE DATOS<\/span><\/p>\n<p><span style=\"font-weight: 400;\">CONFORME RGPD 679\/2016 Y LOPD 3\/2018<\/span><\/th>\n<\/tr>\n<\/thead>\n<tbody>\n<tr>\n<td style=\"width: 20%;\"><b>RESPONSABLE<\/b><\/td>\n<td style=\"width: 80%;\"><span style=\"font-weight: 400;\">Academia de Osteopat\u00eda Craneal. Email de contacto: <\/span><a href=\"mailto:academia@aocraneal.com\"><span style=\"font-weight: 400;\">academia@aocraneal.com<\/span><\/a><span style=\"font-weight: 400;\">\u00a0<\/span><\/td>\n<\/tr>\n<tr>\n<td><b>FINALIDAD<\/b><\/td>\n<td><span style=\"font-weight: 400;\">El tratamiento de los datos personales se realiza para la finalidad de gesti\u00f3n administrativa de clientes y personas usuarias del formulario de contacto. Cualquier otra finalidad distinta de las previstas se comunicar\u00e1 previamente a los titulares de los datos personales para su correspondiente autorizaci\u00f3n.<\/span><\/td>\n<\/tr>\n<tr>\n<td><b>LEGITIMACI\u00d3N<\/b><\/td>\n<td><span style=\"font-weight: 400;\">La base jur\u00eddica en la que se basa el tratamiento es el <\/span><b>consentimiento<\/b><span style=\"font-weight: 400;\"> del interesado y en la <\/span><b>relaci\u00f3n precontractual con potenciales clientes<\/b><span style=\"font-weight: 400;\">. Sus datos se conservar\u00e1n mientras se mantenga la relaci\u00f3n comercial o durante el tiempo necesario para cumplir con las obligaciones legales.<\/span><\/td>\n<\/tr>\n<tr>\n<td><b>DESTINATARIOS<\/b><\/td>\n<td><span style=\"font-weight: 400;\">No se ceder\u00e1n datos a terceros ajenos, salvo obligaci\u00f3n legal. No existen transferencias internacionales de datos.<\/span><\/td>\n<\/tr>\n<tr>\n<td><b>DERECHOS<\/b><\/td>\n<td><span style=\"font-weight: 400;\">Cualquier cliente o usuario tiene derecho a obtener informaci\u00f3n sobre el tratamiento de sus datos personales; para ejercer el DERECHO DE ACCESO o consulta a sus datos personales, el DERECHO DE RECTIFICACI\u00d3N para modificar datos err\u00f3neos o datos incompletos, DERECHO DE SUPRESI\u00d3N o cancelaci\u00f3n de sus datos personales cuando ya no sean necesarios para los fines que motivaron el tratamiento, DERECHO DE LIMITACI\u00d3N DEL TRATAMIENTO, DERECHO DE OPOSICI\u00d3N al tratamiento, DERECHO A LA PORTABILIDAD de sus datos personales, puede dirigirse al tel\u00e9fono de contacto 616831220 o en el email <\/span><a href=\"mailto:academia@aocraneal.com\"><span style=\"font-weight: 400;\">academia@aocraneal.com<\/span><\/a><span style=\"font-weight: 400;\">\u00a0 aportando la documentaci\u00f3n precisa.\u00a0<\/span><\/td>\n<\/tr>\n<\/tbody>\n<\/table>\n\n\t\t<\/div> \n\t<\/div> \t<div class=\"vc_empty_space\"  style=\"height: 3vh\" ><span\n\t\t\tclass=\"vc_empty_space_inner\">\n\t\t\t<span class=\"empty_space_image\"  ><\/span>\n\t\t<\/span><\/div>\n\n<\/div><\/div><\/div><div class=\"wpb_column vc_column_container vc_col-sm-6\"><div class=\"vc_column-inner\"><div class=\"wpb_wrapper\">\n<div class=\"wpcf7 no-js\" id=\"wpcf7-f176-o1\" lang=\"es-ES\" dir=\"ltr\" data-wpcf7-id=\"176\">\n<div class=\"screen-reader-response\"><p role=\"status\" aria-live=\"polite\" aria-atomic=\"true\"><\/p> <ul><\/ul><\/div>\n<form action=\"\/eu\/wp-json\/wp\/v2\/pages\/1085#wpcf7-f176-o1\" method=\"post\" class=\"wpcf7-form init default\" aria-label=\"Formulario de contacto\" novalidate=\"novalidate\" data-status=\"init\" data-trp-original-action=\"\/eu\/wp-json\/wp\/v2\/pages\/1085#wpcf7-f176-o1\">\n<fieldset class=\"hidden-fields-container\"><input type=\"hidden\" name=\"_wpcf7\" value=\"176\" \/><input type=\"hidden\" name=\"_wpcf7_version\" value=\"6.1.5\" \/><input type=\"hidden\" name=\"_wpcf7_locale\" value=\"es_ES\" \/><input type=\"hidden\" name=\"_wpcf7_unit_tag\" value=\"wpcf7-f176-o1\" \/><input type=\"hidden\" name=\"_wpcf7_container_post\" value=\"0\" \/><input type=\"hidden\" name=\"_wpcf7_posted_data_hash\" value=\"\" \/><input type=\"hidden\" name=\"_wpcf7_recaptcha_response\" value=\"\" \/>\n<\/fieldset>\n<p><label> Izen-abizenak<br \/>\n<span class=\"wpcf7-form-control-wrap\" data-name=\"your-name\"><input size=\"40\" maxlength=\"400\" class=\"wpcf7-form-control wpcf7-text wpcf7-validates-as-required\" aria-required=\"true\" aria-invalid=\"false\" value=\"\" type=\"text\" name=\"your-name\" \/><\/span> <\/label>\n<\/p>\n<p><label> Helbide elektronikoa<br \/>\n<span class=\"wpcf7-form-control-wrap\" data-name=\"your-email\"><input size=\"40\" maxlength=\"400\" class=\"wpcf7-form-control wpcf7-email wpcf7-validates-as-required wpcf7-text wpcf7-validates-as-email\" aria-required=\"true\" aria-invalid=\"false\" value=\"\" type=\"email\" name=\"your-email\" \/><\/span> <\/label>\n<\/p>\n<p><label> Gaia<br \/>\n<span class=\"wpcf7-form-control-wrap\" data-name=\"your-subject\"><input size=\"40\" maxlength=\"400\" class=\"wpcf7-form-control wpcf7-text wpcf7-validates-as-required\" aria-required=\"true\" aria-invalid=\"false\" value=\"\" type=\"text\" name=\"your-subject\" \/><\/span> <\/label>\n<\/p>\n<p><label> Mezua (aukerazkoa)<br \/>\n<span class=\"wpcf7-form-control-wrap\" data-name=\"your-message\"><textarea cols=\"40\" rows=\"10\" maxlength=\"2000\" class=\"wpcf7-form-control wpcf7-textarea\" aria-invalid=\"false\" name=\"your-message\"><\/textarea><\/span> <\/label>\n<\/p>\n<p><input class=\"wpcf7-form-control wpcf7-submit has-spinner\" type=\"submit\" value=\"Kontaktu\" \/>\n<\/p><div class=\"wpcf7-response-output\" aria-hidden=\"true\"><\/div>\n<input type=\"hidden\" name=\"trp-form-language\" value=\"eu\"\/><\/form>\n<\/div>\n<\/div><\/div><\/div><div class=\"contacto wpb_column vc_column_container vc_col-sm-4 vc_col-lg-offset-0 vc_col-md-offset-0 vc_col-sm-offset-0\"><div class=\"vc_column-inner\"><div class=\"wpb_wrapper\">\n\t<div class=\"wpb_text_column wpb_content_element\">\n\t\t<div class=\"wpb_wrapper\">\n\t\t\t<p>Kontaktu-datuak<\/p>\n\n\t\t<\/div> \n\t<\/div> \t<div class=\"vc_empty_space\"  style=\"height: 2vh\" ><span\n\t\t\tclass=\"vc_empty_space_inner\">\n\t\t\t<span class=\"empty_space_image\"  ><\/span>\n\t\t<\/span><\/div>\n\n\n\t<div class=\"wpb_text_column wpb_content_element  destacado\">\n\t\t<div class=\"wpb_wrapper\">\n\t\t\t<p><a href=\"mailto:academia@aocraneal.com\">academia@aocraneal.com<\/a><\/p>\n<p>&nbsp;<\/p>\n<p><a href=\"https:\/\/www.google.com\/maps\/place\/Usandizaga+Kalea,+8,+20002+Donostia,+Gipuzkoa\/@43.3234443,-1.9779494,15z\/data=!4m13!1m7!3m6!1s0xd51a5456769925f:0x685c2d97d58b5f7e!2sUsandizaga+Kalea,+8,+20002+Donostia,+Gipuzkoa!3b1!8m2!3d43.323351!4d-1.9779537!3m4!1s0xd51a5456769925f:0x685c2d97d58b5f7e!8m2!3d43.323351!4d-1.9779537\">c\/ Usandizaga N\u00ba8 1\u00ba izda.<\/a><br \/>\n20002 Donostia-San Sebasti\u00e1n<\/p>\n<p>&nbsp;<\/p>\n<p><a href=\"tel:+34943292373\">943 292 373<\/a><\/p>\n<p>&nbsp;<\/p>\n<p><a href=\"https:\/\/www.instagram.com\/academia_osteopatia_craneal\/\" target=\"_blank\" rel=\"noopener\">Instagram<\/a><\/p>\n\n\t\t<\/div> \n\t<\/div> <div      class=\"vc_row wpb_row section vc_row-fluid vc_inner\" style=' text-align:left;'><div class=\"full_section_inner clearfix\"><div class=\"icono-contacto wpb_column vc_column_container vc_col-sm-4 vc_col-lg-2 vc_col-md-2\"><div class=\"vc_column-inner\"><div class=\"wpb_wrapper\">\n\t<div class=\"wpb_single_image wpb_content_element vc_align_left   icono-formulario\">\n\t\t<div class=\"wpb_wrapper\">\n\t\t\t\n\t\t\t<a href=\"tel:+34943292373\" target=\"_self\"><div class=\"vc_single_image-wrapper   vc_box_border_grey\"><img loading=\"lazy\" decoding=\"async\" width=\"150\" height=\"150\" src=\"https:\/\/aocraneal.com\/wp-content\/uploads\/2021\/05\/tfn.svg\" class=\"vc_single_image-img attachment-thumbnail\" alt=\"\" title=\"tfn\" \/><\/div><\/a>\n\t\t<\/div>\n\t<\/div>\n<\/div><\/div><\/div><div class=\"icono-contacto wpb_column vc_column_container vc_col-sm-4 vc_col-lg-2 vc_col-md-2\"><div class=\"vc_column-inner\"><div class=\"wpb_wrapper\">\n\t<div class=\"wpb_single_image wpb_content_element vc_align_left   icono-formulario\">\n\t\t<div class=\"wpb_wrapper\">\n\t\t\t\n\t\t\t<a href=\"mailto:academia@aocraneal.com\" target=\"_self\"><div class=\"vc_single_image-wrapper   vc_box_border_grey\"><img loading=\"lazy\" decoding=\"async\" width=\"150\" height=\"150\" src=\"https:\/\/aocraneal.com\/wp-content\/uploads\/2021\/04\/correo.svg\" class=\"vc_single_image-img attachment-thumbnail\" alt=\"\" title=\"correo\" \/><\/div><\/a>\n\t\t<\/div>\n\t<\/div>\n<\/div><\/div><\/div><div class=\"icono-contacto wpb_column vc_column_container vc_col-sm-4 vc_col-lg-2 vc_col-md-2\"><div class=\"vc_column-inner\"><div class=\"wpb_wrapper\">\n\t<div class=\"wpb_single_image wpb_content_element vc_align_left   icono-formulario\">\n\t\t<div class=\"wpb_wrapper\">\n\t\t\t\n\t\t\t<a href=\"https:\/\/www.google.com\/maps\/place\/Usandizaga+Kalea,+8,+20002+Donostia,+Gipuzkoa\/@43.3234443,-1.9779494,15z\/data=!4m13!1m7!3m6!1s0xd51a5456769925f:0x685c2d97d58b5f7e!2sUsandizaga+Kalea,+8,+20002+Donostia,+Gipuzkoa!3b1!8m2!3d43.323351!4d-1.9779537!3m4!1s0xd51a5456769925f:0x685c2d97d58b5f7e!8m2!3d43.323351!4d-1.9779537\" target=\"_blank\"><div class=\"vc_single_image-wrapper   vc_box_border_grey\"><img loading=\"lazy\" decoding=\"async\" width=\"150\" height=\"150\" src=\"https:\/\/aocraneal.com\/wp-content\/uploads\/2021\/04\/donde.svg\" class=\"vc_single_image-img attachment-thumbnail\" alt=\"\" title=\"donde\" \/><\/div><\/a>\n\t\t<\/div>\n\t<\/div>\n<\/div><\/div><\/div><\/div><\/div><\/div><\/div><\/div><div class=\"wpb_column vc_column_container vc_col-sm-2\"><div class=\"vc_column-inner\"><div class=\"wpb_wrapper\">\n\t<div class=\"wpb_single_image wpb_content_element vc_align_left   icono-inscripcion\">\n\t\t<div class=\"wpb_wrapper\">\n\t\t\t\n\t\t\t<a href=\"https:\/\/osteopatiaunedbergara.org\/\" target=\"_blank\"><div class=\"vc_single_image-wrapper   vc_box_border_grey\"><img loading=\"lazy\" decoding=\"async\" width=\"150\" height=\"150\" src=\"https:\/\/aocraneal.com\/wp-content\/uploads\/2021\/06\/inscripcion-uned.eus-01.svg\" class=\"vc_single_image-img attachment-thumbnail\" alt=\"\" title=\"inscripcion-uned\" \/><\/div><\/a>\n\t\t<\/div>\n\t<\/div>\n<\/div><\/div><\/div><\/div><\/div><\/div>\n<\/div>","protected":false},"excerpt":{"rendered":"INFORMACI\u00f3N B\u00e1SICA SOBRE PROTECCI\u00f3N DE DATOS\u00a0\u00a0 CONFORME RGPD 679\/2016 Y LOPD 3\/2018 RESPONSABLE ASOCIACI\u00d3N DE OSTEOPAT\u00cdA CRANEAL\u00a0 \u00a0 \u00a0 \u00a0 \u00a0 \u00a0 \u00a0 \u00a0 \u00a0 \u00a0 \u00a0 \u00a0 \u00a0 \u00a0 \u00a0 \u00a0 \u00a0 \u00a0 \u00a0 \u00a0 \u00a0 \u00a0 \u00a0 \u00a0 \u00a0 \u00a0 \u00a0 \u00a0 \u00a0...","protected":false},"author":4,"featured_media":0,"parent":0,"menu_order":0,"comment_status":"closed","ping_status":"closed","template":"full_width.php","meta":{"inline_featured_image":false,"footnotes":""},"class_list":["post-1085","page","type-page","status-publish","hentry"],"yoast_head":"<!-- This site is optimized with the Yoast SEO plugin v27.4 - https:\/\/yoast.com\/product\/yoast-seo-wordpress\/ -->\n<title>Pol\u00edtica de Privacidad - AOC<\/title>\n<meta name=\"robots\" content=\"noindex, nofollow\" \/>\n<meta property=\"og:locale\" content=\"en_US\" \/>\n<meta property=\"og:type\" content=\"article\" \/>\n<meta property=\"og:title\" content=\"Pol\u00edtica de Privacidad - AOC\" \/>\n<meta property=\"og:url\" content=\"https:\/\/aocraneal.com\/eu\/politica-de-privacidad\/\" \/>\n<meta property=\"og:site_name\" content=\"AOC\" \/>\n<meta property=\"article:modified_time\" content=\"2023-10-30T19:34:34+00:00\" \/>\n<meta name=\"twitter:card\" content=\"summary_large_image\" \/>\n<meta name=\"twitter:label1\" content=\"Est. reading time\" \/>\n\t<meta name=\"twitter:data1\" content=\"2 minutua\" \/>\n<script type=\"application\/ld+json\" class=\"yoast-schema-graph\">{\"@context\":\"https:\\\/\\\/schema.org\",\"@graph\":[{\"@type\":\"WebPage\",\"@id\":\"https:\\\/\\\/aocraneal.com\\\/politica-de-privacidad\\\/\",\"url\":\"https:\\\/\\\/aocraneal.com\\\/politica-de-privacidad\\\/\",\"name\":\"Pol\u00edtica de Privacidad - AOC\",\"isPartOf\":{\"@id\":\"https:\\\/\\\/aocraneal.com\\\/#website\"},\"datePublished\":\"2023-10-30T19:30:59+00:00\",\"dateModified\":\"2023-10-30T19:34:34+00:00\",\"breadcrumb\":{\"@id\":\"https:\\\/\\\/aocraneal.com\\\/politica-de-privacidad\\\/#breadcrumb\"},\"inLanguage\":\"eu\",\"potentialAction\":[{\"@type\":\"ReadAction\",\"target\":[\"https:\\\/\\\/aocraneal.com\\\/politica-de-privacidad\\\/\"]}]},{\"@type\":\"BreadcrumbList\",\"@id\":\"https:\\\/\\\/aocraneal.com\\\/politica-de-privacidad\\\/#breadcrumb\",\"itemListElement\":[{\"@type\":\"ListItem\",\"position\":1,\"name\":\"Portada\",\"item\":\"https:\\\/\\\/aocraneal.com\\\/\"},{\"@type\":\"ListItem\",\"position\":2,\"name\":\"Pol\u00edtica de Privacidad\"}]},{\"@type\":\"WebSite\",\"@id\":\"https:\\\/\\\/aocraneal.com\\\/#website\",\"url\":\"https:\\\/\\\/aocraneal.com\\\/\",\"name\":\"AOC\",\"description\":\"Academia Osteopat\u00eda Craneal\",\"potentialAction\":[{\"@type\":\"SearchAction\",\"target\":{\"@type\":\"EntryPoint\",\"urlTemplate\":\"https:\\\/\\\/aocraneal.com\\\/?s={search_term_string}\"},\"query-input\":{\"@type\":\"PropertyValueSpecification\",\"valueRequired\":true,\"valueName\":\"search_term_string\"}}],\"inLanguage\":\"eu\"}]}<\/script>\n<!-- \/ Yoast SEO plugin. -->","yoast_head_json":{"title":"Pol\u00edtica de Privacidad - AOC","robots":{"index":"noindex","follow":"nofollow"},"og_locale":"en_US","og_type":"article","og_title":"Pol\u00edtica de Privacidad - AOC","og_url":"https:\/\/aocraneal.com\/eu\/politica-de-privacidad\/","og_site_name":"AOC","article_modified_time":"2023-10-30T19:34:34+00:00","twitter_card":"summary_large_image","twitter_misc":{"Est. reading time":"2 minutua"},"schema":{"@context":"https:\/\/schema.org","@graph":[{"@type":"WebPage","@id":"https:\/\/aocraneal.com\/politica-de-privacidad\/","url":"https:\/\/aocraneal.com\/politica-de-privacidad\/","name":"Pol\u00edtica de Privacidad - AOC","isPartOf":{"@id":"https:\/\/aocraneal.com\/#website"},"datePublished":"2023-10-30T19:30:59+00:00","dateModified":"2023-10-30T19:34:34+00:00","breadcrumb":{"@id":"https:\/\/aocraneal.com\/politica-de-privacidad\/#breadcrumb"},"inLanguage":"eu","potentialAction":[{"@type":"ReadAction","target":["https:\/\/aocraneal.com\/politica-de-privacidad\/"]}]},{"@type":"BreadcrumbList","@id":"https:\/\/aocraneal.com\/politica-de-privacidad\/#breadcrumb","itemListElement":[{"@type":"ListItem","position":1,"name":"Portada","item":"https:\/\/aocraneal.com\/"},{"@type":"ListItem","position":2,"name":"Pol\u00edtica de Privacidad"}]},{"@type":"WebSite","@id":"https:\/\/aocraneal.com\/#website","url":"https:\/\/aocraneal.com\/","name":"AOC","description":"Academia Osteopat\u00eda Craneal","potentialAction":[{"@type":"SearchAction","target":{"@type":"EntryPoint","urlTemplate":"https:\/\/aocraneal.com\/?s={search_term_string}"},"query-input":{"@type":"PropertyValueSpecification","valueRequired":true,"valueName":"search_term_string"}}],"inLanguage":"eu"}]}},"_links":{"self":[{"href":"https:\/\/aocraneal.com\/eu\/wp-json\/wp\/v2\/pages\/1085","targetHints":{"allow":["GET"]}}],"collection":[{"href":"https:\/\/aocraneal.com\/eu\/wp-json\/wp\/v2\/pages"}],"about":[{"href":"https:\/\/aocraneal.com\/eu\/wp-json\/wp\/v2\/types\/page"}],"author":[{"embeddable":true,"href":"https:\/\/aocraneal.com\/eu\/wp-json\/wp\/v2\/users\/4"}],"replies":[{"embeddable":true,"href":"https:\/\/aocraneal.com\/eu\/wp-json\/wp\/v2\/comments?post=1085"}],"version-history":[{"count":4,"href":"https:\/\/aocraneal.com\/eu\/wp-json\/wp\/v2\/pages\/1085\/revisions"}],"predecessor-version":[{"id":1089,"href":"https:\/\/aocraneal.com\/eu\/wp-json\/wp\/v2\/pages\/1085\/revisions\/1089"}],"wp:attachment":[{"href":"https:\/\/aocraneal.com\/eu\/wp-json\/wp\/v2\/media?parent=1085"}],"curies":[{"name":"wp","href":"https:\/\/api.w.org\/{rel}","templated":true}]}}