{"id":1078,"date":"2023-10-30T19:22:42","date_gmt":"2023-10-30T19:22:42","guid":{"rendered":"https:\/\/aocraneal.com\/?page_id=1078"},"modified":"2023-10-30T19:24:58","modified_gmt":"2023-10-30T19:24:58","slug":"aviso-legal","status":"publish","type":"page","link":"https:\/\/aocraneal.com\/eu\/aviso-legal\/","title":{"rendered":"Aviso Legal"},"content":{"rendered":"<div class=\"wpb-content-wrapper\"><div      class=\"vc_row wpb_row section vc_row-fluid  formulario vc_custom_1698693757613 grid_section\" style=' text-align:left;'><div class=\"section_inner clearfix\"><div class='section_inner_margin clearfix'><div class=\"wpb_column vc_column_container vc_col-sm-12\"><div class=\"vc_column-inner\"><div class=\"wpb_wrapper\">\n\t<div class=\"wpb_text_column wpb_content_element\">\n\t\t<div class=\"wpb_wrapper\">\n\t\t\t<p>Este sitio web ha sido creada con la finalidad de facilitar informaci\u00f3n y contacto\u00a0 y ofrecer servicios de marketing digital, social media, creaci\u00f3n de contenidos para internet y redes sociales, que ofrece la Academia de Osteopat\u00eda Craneal (en adelante, AOC).<\/p>\n<h2>TITULARIDAD DEL WEB SITE Y DATOS IDENTIFICATIVOS<\/h2>\n<p>El sitio web es de titularidad de<\/p>\n<p><img loading=\"lazy\" decoding=\"async\" class=\"alignnone wp-image-1080 size-full\" src=\"https:\/\/aocraneal.com\/wp-content\/uploads\/2023\/10\/a.jpg\" alt=\"\" width=\"800\" height=\"200\" srcset=\"https:\/\/aocraneal.com\/wp-content\/uploads\/2023\/10\/a.jpg 800w, https:\/\/aocraneal.com\/wp-content\/uploads\/2023\/10\/a-300x75.jpg 300w, https:\/\/aocraneal.com\/wp-content\/uploads\/2023\/10\/a-768x192.jpg 768w, https:\/\/aocraneal.com\/wp-content\/uploads\/2023\/10\/a-18x5.jpg 18w, https:\/\/aocraneal.com\/wp-content\/uploads\/2023\/10\/a-700x175.jpg 700w\" sizes=\"auto, (max-width: 800px) 100vw, 800px\" \/><\/p>\n<p>A trav\u00e9s de la utilizaci\u00f3n de la presente p\u00e1gina web, la parte usuario acepta expresamente todas y cada una de las presentes condiciones de uso. En caso de no aceptarlas las presentes deber\u00e1 abstenerse de acceder a la web de la AOC.<\/p>\n<h2>T\u00c9RMINOS Y CONDICIONES<\/h2>\n<p>El acceso y navegaci\u00f3n a este sitio web supone aceptar y conocer las advertencias legales, condiciones y t\u00e9rminos de uso contenidas en la misma. En algunos apartados de esta web es posible que se encuentre con sus propias condiciones de uso. Deber\u00e1 aceptar tales condiciones para acceder a determinados servicios ofrecidos en apartados espec\u00edficos. Estas condiciones estar\u00e1n a disposici\u00f3n en la p\u00e1gina principal o homepage, as\u00ed como en el acceso a los servicios espec\u00edficos, el titular de la p\u00e1gina web facilita las condiciones de uso gen\u00e9ricas y condiciones de uso o venta espec\u00edficas durante la navegaci\u00f3n, condiciones que se podr\u00e1 descargar y guardar en cualquier momento. Las condiciones de uso de los espacios est\u00e1n a disposici\u00f3n del cliente en la web, pudiendo ser descargadas en cualquier momento para su lectura y visualizaci\u00f3n.<\/p>\n<p>El acceso al sitio web es responsabilidad exclusiva de los usuarios.<\/p>\n<h2>C\u00d3DIGOS DE CONDUCTA<\/h2>\n<p>Se informa que esta empresa no est\u00e1 adherida a ning\u00fan c\u00f3digo de conducta, en el caso en que en un futuro fuera conveniente, se insertar\u00eda el enlace correspondiente para que el usuario tenga acceso a las normas espec\u00edficas que regulan el servicio.<\/p>\n<h2>COOKIES<\/h2>\n<p>Una\u00a0<i>cookie<\/i>\u00a0es un peque\u00f1o fichero de texto que se almacena en su navegador cuando visita una p\u00e1gina web. Su utilidad es que la web sea capaz de recordar su visita cuando vuelva a navegar por esa p\u00e1gina. Las\u00a0<i>cookies<\/i>\u00a0suelen almacenar informaci\u00f3n de car\u00e1cter t\u00e9cnico, preferencias personales, personalizaci\u00f3n de contenidos, estad\u00edsticas de uso, enlaces a redes sociales, acceso a cuentas de usuario, etc, en definitiva, sobre los h\u00e1bitos de navegaci\u00f3n del usuario. El objetivo de la\u00a0<i>cookie<\/i>\u00a0es adaptar el contenido de la web a su perfil y necesidades, sin\u00a0<i>cookies<\/i>\u00a0los servicios ofrecidos por cualquier p\u00e1gina se ver\u00edan mermados notablemente.<\/p>\n<h3>Cookies utilizadas en este sitio web<\/h3>\n<p>Siguiendo las directrices de la Agencia Espa\u00f1ola de Protecci\u00f3n de Datos procedemos a detallar el uso de\u00a0<i>cookies<\/i>\u00a0que hace esta web con el fin de informarle con la m\u00e1xima exactitud posible.<\/p>\n<p>Este sitio web utiliza las siguientes\u00a0<b>cookies propias<\/b>:<\/p>\n<p>-Cookies de sesi\u00f3n, para identificar el n\u00famero de usuarios, medir y analizar de forma estad\u00edstica el uso que los usuarios hacen del servicio ofrecido. Se analiza la navegaci\u00f3n en la p\u00e1gina web con el fin de mejorar la oferta de productos y servicios que ofrecemos en nuestra web.<\/p>\n<p>Este sitio web utiliza las siguientes\u00a0<b>cookies de terceros<\/b>:<\/p>\n<p>-Google Analytics: Almacena\u00a0<i>cookies<\/i>\u00a0para poder elaborar estad\u00edsticas sobre el tr\u00e1fico y volumen de visitas de esta web. Al utilizar este sitio web est\u00e1 consintiendo el tratamiento de informaci\u00f3n acerca de usted por Google. Por tanto, el ejercicio de cualquier derecho en este sentido deber\u00e1 hacerlo comunicando directamente con Google.<\/p>\n<p>-Redes sociales: Cada red social utiliza sus propias\u00a0<i>cookies<\/i>\u00a0para que usted pueda pinchar en botones del tipo\u00a0<i>Me gusta<\/i>\u00a0o\u00a0<i>Compartir<\/i>.<\/p>\n<h4>Desactivaci\u00f3n o eliminaci\u00f3n de cookies<\/h4>\n<p>En cualquier momento podr\u00e1 ejercer su derecho de permitir, bloquear o desactivar las cookies de este sitio web. Estas acciones se realizan de forma diferente en funci\u00f3n del navegador que est\u00e9 usando. Los navegadores web son las herramientas encargadas de almacenar las\u00a0<i>cookies<\/i>\u00a0y desde este lugar debe efectuar su derecho a eliminaci\u00f3n o desactivaci\u00f3n de las mismas. Ni esta web ni sus representantes legales pueden garantizar la correcta o incorrecta manipulaci\u00f3n de las\u00a0<i>cookies<\/i> por parte de los mencionados navegadores. Este titular del sitio web de la AOC no ha contratado con terceros la prestaci\u00f3n de un servicio para el que se requiera la identificaci\u00f3n de los usuarios y el uso de las cookies se\u00f1aladas. Para cualquier duda o consulta acerca de esta pol\u00edtica de\u00a0<i>cookies<\/i>\u00a0no dude en comunicarse con nosotros a trav\u00e9s de la secci\u00f3n de contacto.<\/p>\n<h2>PROPIEDAD SOBRE LOS CONTENIDOS. DERECHOS DE\u00a0PROPIEDAD INTELECTUAL<\/h2>\n<p>Los contenidos que aparecen en el sitio web son los vigentes en la fecha de su \u00faltima actualizaci\u00f3n: La entidad titular de la p\u00e1gina web se reserva el derecho a actualizar, modificar o eliminar la informaci\u00f3n y contenidos incluidos.<br \/>\nTodos los derechos sobre los contenidos que figuran en esta p\u00e1gina web corresponden al titular de la p\u00e1gina web o a sus respectivos titulares. En este sentido queda prohibida cualquier tipo de explotaci\u00f3n de los mismos, sin autorizaci\u00f3n expresa del titular de los contenidos. En concreto, ser\u00e1 necesaria autorizaci\u00f3n expresa y escrita del titular de la p\u00e1gina web o de los titulares de contenidos que aparecen en ella, para la reproducci\u00f3n total o parcial, distribuci\u00f3n, incluido alquiler y pr\u00e9stamo, comunicaci\u00f3n p\u00fablica, incluida la puesta a disposici\u00f3n de contenidos o elementos de la p\u00e1gina web en redes de comunicaci\u00f3n global, y transformaci\u00f3n, incluyendo traducci\u00f3n y adaptaci\u00f3n a otros formatos o soportes, as\u00ed como la publicaci\u00f3n en forma de colecci\u00f3n, de im\u00e1genes, textos, contenido audiovisual, bases de datos, estructuras visuales, c\u00f3digo html o cualquier otra obra intelectual que se ponga a disposici\u00f3n del usuario.<br \/>\nEl acceso al sitio web de la AOC no otorga a los usuarios titularidad alguna sobre los derechos de propiedad intelectual de los contenidos que se han puesto a disposici\u00f3n del usuario en la p\u00e1gina web.<br \/>\nQueda prohibida la utilizaci\u00f3n del nombre comercial, las marcas, logo, im\u00e1genes, textos y servicios incluidos en esta p\u00e1gina web, por parte de terceros que carezcan de autorizaci\u00f3n de sus titulares. La asociaci\u00f3n titular de la web se reserva la posibilidad de ejercer las acciones judiciales que correspondan contra los usuarios que violen o infrinjan los derechos de propiedad intelectual.<\/p>\n<h2>RESPONSABILIDAD POR EL FUNCIONAMIENTO DE LA P\u00c1GINA<\/h2>\n<p>La titular de la web no se responsabiliza del mal uso que Ud. pueda hacer de este sitio Web. El titular de la web podr\u00e1, cuando lo considere conveniente, realizar correcciones, mejoras o modificaciones en la informaci\u00f3n contenida en la p\u00e1gina sin que ello de lugar, ni derecho a ninguna reclamaci\u00f3n o indemnizaci\u00f3n, ni implique reconocimiento de responsabilidad alguna. Tampoco se har\u00e1 responsable por los da\u00f1os y perjuicios de cualquier naturaleza que se pudieran derivar de la disponibilidad y continuidad t\u00e9cnica del funcionamiento de la p\u00e1gina.<\/p>\n<p>Esta p\u00e1gina web no garantiza la ausencia de virus u otros elementos que pudieran causar da\u00f1os en los sistemas inform\u00e1ticos, en los documentos electr\u00f3nicos o en los ficheros de usuario de este sitio web o de sitios web de terceros, por lo que no se responsabiliza de los perjuicios que se pudieran producir por estas causas.<\/p>\n<h2>LEY Y JURISDICCI\u00d3N APLICABLE<\/h2>\n<p>Cualquier controversia que pudiera derivarse del acceso o de la utilizaci\u00f3n del sitio web de la AOC se somete a la exclusiva jurisdicci\u00f3n de los tribunales del municipio de PAMPLONA-NAVARRA y sus superiores jer\u00e1rquicos.<br \/>\nLos t\u00e9rminos y condiciones que rigen esta p\u00e1gina web y todas las relaciones que pudieran derivarse se encuentran salvaguardadas por la legislaci\u00f3n espa\u00f1ola.<\/p>\n<p>M\u00c1S INFORMACI\u00d3N EN EL DEPARTAMENTO DE ATENCI\u00d3N AL CLIENTE Y USUARIO, al que podr\u00e1 dirigir sus consultas, sugerencias, quejas y reclamaciones;<\/p>\n<p><a href=\"mailto:academia@aocraneal.com\">academia@aocraneal.com<\/a><\/p>\n\n\t\t<\/div> \n\t<\/div> \t<div class=\"vc_empty_space\"  style=\"height: 3vh\" ><span\n\t\t\tclass=\"vc_empty_space_inner\">\n\t\t\t<span class=\"empty_space_image\"  ><\/span>\n\t\t<\/span><\/div>\n\n<\/div><\/div><\/div><div class=\"wpb_column vc_column_container vc_col-sm-6\"><div class=\"vc_column-inner\"><div class=\"wpb_wrapper\">\n<div class=\"wpcf7 no-js\" id=\"wpcf7-f176-o1\" lang=\"es-ES\" dir=\"ltr\" data-wpcf7-id=\"176\">\n<div class=\"screen-reader-response\"><p role=\"status\" aria-live=\"polite\" aria-atomic=\"true\"><\/p> <ul><\/ul><\/div>\n<form action=\"\/eu\/wp-json\/wp\/v2\/pages\/1078#wpcf7-f176-o1\" method=\"post\" class=\"wpcf7-form init default\" aria-label=\"Formulario de contacto\" novalidate=\"novalidate\" data-status=\"init\" data-trp-original-action=\"\/eu\/wp-json\/wp\/v2\/pages\/1078#wpcf7-f176-o1\">\n<fieldset class=\"hidden-fields-container\"><input type=\"hidden\" name=\"_wpcf7\" value=\"176\" \/><input type=\"hidden\" name=\"_wpcf7_version\" value=\"6.1.5\" \/><input type=\"hidden\" name=\"_wpcf7_locale\" value=\"es_ES\" \/><input type=\"hidden\" name=\"_wpcf7_unit_tag\" value=\"wpcf7-f176-o1\" \/><input type=\"hidden\" name=\"_wpcf7_container_post\" value=\"0\" \/><input type=\"hidden\" name=\"_wpcf7_posted_data_hash\" value=\"\" \/><input type=\"hidden\" name=\"_wpcf7_recaptcha_response\" value=\"\" \/>\n<\/fieldset>\n<p><label> Izen-abizenak<br \/>\n<span class=\"wpcf7-form-control-wrap\" data-name=\"your-name\"><input size=\"40\" maxlength=\"400\" class=\"wpcf7-form-control wpcf7-text wpcf7-validates-as-required\" aria-required=\"true\" aria-invalid=\"false\" value=\"\" type=\"text\" name=\"your-name\" \/><\/span> <\/label>\n<\/p>\n<p><label> Helbide elektronikoa<br \/>\n<span class=\"wpcf7-form-control-wrap\" data-name=\"your-email\"><input size=\"40\" maxlength=\"400\" class=\"wpcf7-form-control wpcf7-email wpcf7-validates-as-required wpcf7-text wpcf7-validates-as-email\" aria-required=\"true\" aria-invalid=\"false\" value=\"\" type=\"email\" name=\"your-email\" \/><\/span> <\/label>\n<\/p>\n<p><label> Gaia<br \/>\n<span class=\"wpcf7-form-control-wrap\" data-name=\"your-subject\"><input size=\"40\" maxlength=\"400\" class=\"wpcf7-form-control wpcf7-text wpcf7-validates-as-required\" aria-required=\"true\" aria-invalid=\"false\" value=\"\" type=\"text\" name=\"your-subject\" \/><\/span> <\/label>\n<\/p>\n<p><label> Mezua (aukerazkoa)<br \/>\n<span class=\"wpcf7-form-control-wrap\" data-name=\"your-message\"><textarea cols=\"40\" rows=\"10\" maxlength=\"2000\" class=\"wpcf7-form-control wpcf7-textarea\" aria-invalid=\"false\" name=\"your-message\"><\/textarea><\/span> <\/label>\n<\/p>\n<p><input class=\"wpcf7-form-control wpcf7-submit has-spinner\" type=\"submit\" value=\"Kontaktu\" \/>\n<\/p><div class=\"wpcf7-response-output\" aria-hidden=\"true\"><\/div>\n<input type=\"hidden\" name=\"trp-form-language\" value=\"eu\"\/><\/form>\n<\/div>\n<\/div><\/div><\/div><div class=\"contacto wpb_column vc_column_container vc_col-sm-4 vc_col-lg-offset-0 vc_col-md-offset-0 vc_col-sm-offset-0\"><div class=\"vc_column-inner\"><div class=\"wpb_wrapper\">\n\t<div class=\"wpb_text_column wpb_content_element\">\n\t\t<div class=\"wpb_wrapper\">\n\t\t\t<p>Kontaktu-datuak<\/p>\n\n\t\t<\/div> \n\t<\/div> \t<div class=\"vc_empty_space\"  style=\"height: 2vh\" ><span\n\t\t\tclass=\"vc_empty_space_inner\">\n\t\t\t<span class=\"empty_space_image\"  ><\/span>\n\t\t<\/span><\/div>\n\n\n\t<div class=\"wpb_text_column wpb_content_element  destacado\">\n\t\t<div class=\"wpb_wrapper\">\n\t\t\t<p><a href=\"mailto:academia@aocraneal.com\">academia@aocraneal.com<\/a><\/p>\n<p>&nbsp;<\/p>\n<p><a href=\"https:\/\/www.google.com\/maps\/place\/Usandizaga+Kalea,+8,+20002+Donostia,+Gipuzkoa\/@43.3234443,-1.9779494,15z\/data=!4m13!1m7!3m6!1s0xd51a5456769925f:0x685c2d97d58b5f7e!2sUsandizaga+Kalea,+8,+20002+Donostia,+Gipuzkoa!3b1!8m2!3d43.323351!4d-1.9779537!3m4!1s0xd51a5456769925f:0x685c2d97d58b5f7e!8m2!3d43.323351!4d-1.9779537\">c\/ Usandizaga N\u00ba8 1\u00ba izda.<\/a><br \/>\n20002 Donostia-San Sebasti\u00e1n<\/p>\n<p>&nbsp;<\/p>\n<p><a href=\"tel:+34943292373\">943 292 373<\/a><\/p>\n<p>&nbsp;<\/p>\n<p><a href=\"https:\/\/www.instagram.com\/academia_osteopatia_craneal\/\" target=\"_blank\" rel=\"noopener\">Instagram<\/a><\/p>\n\n\t\t<\/div> \n\t<\/div> <div      class=\"vc_row wpb_row section vc_row-fluid vc_inner\" style=' text-align:left;'><div class=\"full_section_inner clearfix\"><div class=\"icono-contacto wpb_column vc_column_container vc_col-sm-4 vc_col-lg-2 vc_col-md-2\"><div class=\"vc_column-inner\"><div class=\"wpb_wrapper\">\n\t<div class=\"wpb_single_image wpb_content_element vc_align_left   icono-formulario\">\n\t\t<div class=\"wpb_wrapper\">\n\t\t\t\n\t\t\t<a href=\"tel:+34943292373\" target=\"_self\"><div class=\"vc_single_image-wrapper   vc_box_border_grey\"><img loading=\"lazy\" decoding=\"async\" width=\"150\" height=\"150\" src=\"https:\/\/aocraneal.com\/wp-content\/uploads\/2021\/05\/tfn.svg\" class=\"vc_single_image-img attachment-thumbnail\" alt=\"\" title=\"tfn\" \/><\/div><\/a>\n\t\t<\/div>\n\t<\/div>\n<\/div><\/div><\/div><div class=\"icono-contacto wpb_column vc_column_container vc_col-sm-4 vc_col-lg-2 vc_col-md-2\"><div class=\"vc_column-inner\"><div class=\"wpb_wrapper\">\n\t<div class=\"wpb_single_image wpb_content_element vc_align_left   icono-formulario\">\n\t\t<div class=\"wpb_wrapper\">\n\t\t\t\n\t\t\t<a href=\"mailto:academia@aocraneal.com\" target=\"_self\"><div class=\"vc_single_image-wrapper   vc_box_border_grey\"><img loading=\"lazy\" decoding=\"async\" width=\"150\" height=\"150\" src=\"https:\/\/aocraneal.com\/wp-content\/uploads\/2021\/04\/correo.svg\" class=\"vc_single_image-img attachment-thumbnail\" alt=\"\" title=\"correo\" \/><\/div><\/a>\n\t\t<\/div>\n\t<\/div>\n<\/div><\/div><\/div><div class=\"icono-contacto wpb_column vc_column_container vc_col-sm-4 vc_col-lg-2 vc_col-md-2\"><div class=\"vc_column-inner\"><div class=\"wpb_wrapper\">\n\t<div class=\"wpb_single_image wpb_content_element vc_align_left   icono-formulario\">\n\t\t<div class=\"wpb_wrapper\">\n\t\t\t\n\t\t\t<a href=\"https:\/\/www.google.com\/maps\/place\/Usandizaga+Kalea,+8,+20002+Donostia,+Gipuzkoa\/@43.3234443,-1.9779494,15z\/data=!4m13!1m7!3m6!1s0xd51a5456769925f:0x685c2d97d58b5f7e!2sUsandizaga+Kalea,+8,+20002+Donostia,+Gipuzkoa!3b1!8m2!3d43.323351!4d-1.9779537!3m4!1s0xd51a5456769925f:0x685c2d97d58b5f7e!8m2!3d43.323351!4d-1.9779537\" target=\"_blank\"><div class=\"vc_single_image-wrapper   vc_box_border_grey\"><img loading=\"lazy\" decoding=\"async\" width=\"150\" height=\"150\" src=\"https:\/\/aocraneal.com\/wp-content\/uploads\/2021\/04\/donde.svg\" class=\"vc_single_image-img attachment-thumbnail\" alt=\"\" title=\"donde\" \/><\/div><\/a>\n\t\t<\/div>\n\t<\/div>\n<\/div><\/div><\/div><\/div><\/div><\/div><\/div><\/div><div class=\"wpb_column vc_column_container vc_col-sm-2\"><div class=\"vc_column-inner\"><div class=\"wpb_wrapper\">\n\t<div class=\"wpb_single_image wpb_content_element vc_align_left   icono-inscripcion\">\n\t\t<div class=\"wpb_wrapper\">\n\t\t\t\n\t\t\t<a href=\"https:\/\/osteopatiaunedbergara.org\/\" target=\"_blank\"><div class=\"vc_single_image-wrapper   vc_box_border_grey\"><img loading=\"lazy\" decoding=\"async\" width=\"150\" height=\"150\" src=\"https:\/\/aocraneal.com\/wp-content\/uploads\/2021\/06\/inscripcion-uned.eus-01.svg\" class=\"vc_single_image-img attachment-thumbnail\" alt=\"\" title=\"inscripcion-uned\" \/><\/div><\/a>\n\t\t<\/div>\n\t<\/div>\n<\/div><\/div><\/div><\/div><\/div><\/div>\n<\/div>","protected":false},"excerpt":{"rendered":"Este sitio web ha sido creada con la finalidad de facilitar informaci\u00f3n y contacto\u00a0 y ofrecer servicios de marketing digital, social media, creaci\u00f3n de contenidos para internet y redes sociales, que ofrece la Academia de Osteopat\u00eda Craneal (en adelante, AOC). TITULARIDAD DEL WEB SITE Y...","protected":false},"author":4,"featured_media":0,"parent":0,"menu_order":0,"comment_status":"closed","ping_status":"closed","template":"full_width.php","meta":{"inline_featured_image":false,"footnotes":""},"class_list":["post-1078","page","type-page","status-publish","hentry"],"yoast_head":"<!-- This site is optimized with the Yoast SEO plugin v27.4 - https:\/\/yoast.com\/product\/yoast-seo-wordpress\/ -->\n<title>Aviso Legal - AOC<\/title>\n<meta name=\"robots\" content=\"noindex, nofollow\" \/>\n<meta property=\"og:locale\" content=\"en_US\" \/>\n<meta property=\"og:type\" content=\"article\" \/>\n<meta property=\"og:title\" content=\"Aviso Legal - AOC\" \/>\n<meta property=\"og:url\" content=\"https:\/\/aocraneal.com\/eu\/aviso-legal\/\" \/>\n<meta property=\"og:site_name\" content=\"AOC\" \/>\n<meta property=\"article:modified_time\" content=\"2023-10-30T19:24:58+00:00\" \/>\n<meta property=\"og:image\" content=\"https:\/\/aocraneal.com\/wp-content\/uploads\/2023\/10\/a.jpg\" \/>\n<meta name=\"twitter:card\" content=\"summary_large_image\" \/>\n<meta name=\"twitter:label1\" content=\"Est. reading time\" \/>\n\t<meta name=\"twitter:data1\" content=\"7 minutua\" \/>\n<script type=\"application\/ld+json\" class=\"yoast-schema-graph\">{\"@context\":\"https:\\\/\\\/schema.org\",\"@graph\":[{\"@type\":\"WebPage\",\"@id\":\"https:\\\/\\\/aocraneal.com\\\/aviso-legal\\\/\",\"url\":\"https:\\\/\\\/aocraneal.com\\\/aviso-legal\\\/\",\"name\":\"Aviso Legal - AOC\",\"isPartOf\":{\"@id\":\"https:\\\/\\\/aocraneal.com\\\/#website\"},\"primaryImageOfPage\":{\"@id\":\"https:\\\/\\\/aocraneal.com\\\/aviso-legal\\\/#primaryimage\"},\"image\":{\"@id\":\"https:\\\/\\\/aocraneal.com\\\/aviso-legal\\\/#primaryimage\"},\"thumbnailUrl\":\"https:\\\/\\\/aocraneal.com\\\/wp-content\\\/uploads\\\/2023\\\/10\\\/a.jpg\",\"datePublished\":\"2023-10-30T19:22:42+00:00\",\"dateModified\":\"2023-10-30T19:24:58+00:00\",\"breadcrumb\":{\"@id\":\"https:\\\/\\\/aocraneal.com\\\/aviso-legal\\\/#breadcrumb\"},\"inLanguage\":\"eu\",\"potentialAction\":[{\"@type\":\"ReadAction\",\"target\":[\"https:\\\/\\\/aocraneal.com\\\/aviso-legal\\\/\"]}]},{\"@type\":\"ImageObject\",\"inLanguage\":\"eu\",\"@id\":\"https:\\\/\\\/aocraneal.com\\\/aviso-legal\\\/#primaryimage\",\"url\":\"https:\\\/\\\/aocraneal.com\\\/wp-content\\\/uploads\\\/2023\\\/10\\\/a.jpg\",\"contentUrl\":\"https:\\\/\\\/aocraneal.com\\\/wp-content\\\/uploads\\\/2023\\\/10\\\/a.jpg\"},{\"@type\":\"BreadcrumbList\",\"@id\":\"https:\\\/\\\/aocraneal.com\\\/aviso-legal\\\/#breadcrumb\",\"itemListElement\":[{\"@type\":\"ListItem\",\"position\":1,\"name\":\"Portada\",\"item\":\"https:\\\/\\\/aocraneal.com\\\/\"},{\"@type\":\"ListItem\",\"position\":2,\"name\":\"Aviso Legal\"}]},{\"@type\":\"WebSite\",\"@id\":\"https:\\\/\\\/aocraneal.com\\\/#website\",\"url\":\"https:\\\/\\\/aocraneal.com\\\/\",\"name\":\"AOC\",\"description\":\"Academia Osteopat\u00eda Craneal\",\"potentialAction\":[{\"@type\":\"SearchAction\",\"target\":{\"@type\":\"EntryPoint\",\"urlTemplate\":\"https:\\\/\\\/aocraneal.com\\\/?s={search_term_string}\"},\"query-input\":{\"@type\":\"PropertyValueSpecification\",\"valueRequired\":true,\"valueName\":\"search_term_string\"}}],\"inLanguage\":\"eu\"}]}<\/script>\n<!-- \/ Yoast SEO plugin. -->","yoast_head_json":{"title":"Aviso Legal - AOC","robots":{"index":"noindex","follow":"nofollow"},"og_locale":"en_US","og_type":"article","og_title":"Aviso Legal - AOC","og_url":"https:\/\/aocraneal.com\/eu\/aviso-legal\/","og_site_name":"AOC","article_modified_time":"2023-10-30T19:24:58+00:00","og_image":[{"url":"https:\/\/aocraneal.com\/wp-content\/uploads\/2023\/10\/a.jpg","type":"","width":"","height":""}],"twitter_card":"summary_large_image","twitter_misc":{"Est. reading time":"7 minutua"},"schema":{"@context":"https:\/\/schema.org","@graph":[{"@type":"WebPage","@id":"https:\/\/aocraneal.com\/aviso-legal\/","url":"https:\/\/aocraneal.com\/aviso-legal\/","name":"Aviso Legal - AOC","isPartOf":{"@id":"https:\/\/aocraneal.com\/#website"},"primaryImageOfPage":{"@id":"https:\/\/aocraneal.com\/aviso-legal\/#primaryimage"},"image":{"@id":"https:\/\/aocraneal.com\/aviso-legal\/#primaryimage"},"thumbnailUrl":"https:\/\/aocraneal.com\/wp-content\/uploads\/2023\/10\/a.jpg","datePublished":"2023-10-30T19:22:42+00:00","dateModified":"2023-10-30T19:24:58+00:00","breadcrumb":{"@id":"https:\/\/aocraneal.com\/aviso-legal\/#breadcrumb"},"inLanguage":"eu","potentialAction":[{"@type":"ReadAction","target":["https:\/\/aocraneal.com\/aviso-legal\/"]}]},{"@type":"ImageObject","inLanguage":"eu","@id":"https:\/\/aocraneal.com\/aviso-legal\/#primaryimage","url":"https:\/\/aocraneal.com\/wp-content\/uploads\/2023\/10\/a.jpg","contentUrl":"https:\/\/aocraneal.com\/wp-content\/uploads\/2023\/10\/a.jpg"},{"@type":"BreadcrumbList","@id":"https:\/\/aocraneal.com\/aviso-legal\/#breadcrumb","itemListElement":[{"@type":"ListItem","position":1,"name":"Portada","item":"https:\/\/aocraneal.com\/"},{"@type":"ListItem","position":2,"name":"Aviso Legal"}]},{"@type":"WebSite","@id":"https:\/\/aocraneal.com\/#website","url":"https:\/\/aocraneal.com\/","name":"AOC","description":"Academia Osteopat\u00eda Craneal","potentialAction":[{"@type":"SearchAction","target":{"@type":"EntryPoint","urlTemplate":"https:\/\/aocraneal.com\/?s={search_term_string}"},"query-input":{"@type":"PropertyValueSpecification","valueRequired":true,"valueName":"search_term_string"}}],"inLanguage":"eu"}]}},"_links":{"self":[{"href":"https:\/\/aocraneal.com\/eu\/wp-json\/wp\/v2\/pages\/1078","targetHints":{"allow":["GET"]}}],"collection":[{"href":"https:\/\/aocraneal.com\/eu\/wp-json\/wp\/v2\/pages"}],"about":[{"href":"https:\/\/aocraneal.com\/eu\/wp-json\/wp\/v2\/types\/page"}],"author":[{"embeddable":true,"href":"https:\/\/aocraneal.com\/eu\/wp-json\/wp\/v2\/users\/4"}],"replies":[{"embeddable":true,"href":"https:\/\/aocraneal.com\/eu\/wp-json\/wp\/v2\/comments?post=1078"}],"version-history":[{"count":5,"href":"https:\/\/aocraneal.com\/eu\/wp-json\/wp\/v2\/pages\/1078\/revisions"}],"predecessor-version":[{"id":1084,"href":"https:\/\/aocraneal.com\/eu\/wp-json\/wp\/v2\/pages\/1078\/revisions\/1084"}],"wp:attachment":[{"href":"https:\/\/aocraneal.com\/eu\/wp-json\/wp\/v2\/media?parent=1078"}],"curies":[{"name":"wp","href":"https:\/\/api.w.org\/{rel}","templated":true}]}}