{"id":1072,"date":"2023-10-30T18:14:31","date_gmt":"2023-10-30T18:14:31","guid":{"rendered":"https:\/\/aocraneal.com\/?page_id=1072"},"modified":"2023-10-30T18:14:31","modified_gmt":"2023-10-30T18:14:31","slug":"osteopatia-craneal-alava","status":"publish","type":"page","link":"https:\/\/aocraneal.com\/eu\/osteopatia-craneal-alava\/","title":{"rendered":"Osteopat\u00eda craneal en \u00c1lava"},"content":{"rendered":"<div class=\"wpb-content-wrapper\"><div      class=\"vc_row wpb_row section vc_row-fluid  formulario vc_custom_1698689301732 grid_section\" style=' text-align:left;'><div class=\"section_inner clearfix\"><div class='section_inner_margin clearfix'><div class=\"wpb_column vc_column_container vc_col-sm-12\"><div class=\"vc_column-inner\"><div class=\"wpb_wrapper\">\n\t<div class=\"wpb_text_column wpb_content_element\">\n\t\t<div class=\"wpb_wrapper\">\n\t\t\t<p style=\"text-align: center;\"><strong>Formaci\u00f3n en UNED-Bergara<\/strong><\/p>\n<p style=\"text-align: center;\">Descubre la formaci\u00f3n en osteopat\u00eda craneal en Guip\u00fazcoa, especialmente dise\u00f1ada para ser accesible a estudiantes de provincias cercanas como \u00c1lava.<\/p>\n\n\t\t<\/div> \n\t<\/div> \t<div class=\"vc_empty_space\"  style=\"height: 3vh\" ><span\n\t\t\tclass=\"vc_empty_space_inner\">\n\t\t\t<span class=\"empty_space_image\"  ><\/span>\n\t\t<\/span><\/div>\n\n<\/div><\/div><\/div><\/div><\/div><\/div><div      class=\"vc_row wpb_row section vc_row-fluid  formulario vc_custom_1698669877903 grid_section\" style=' text-align:left;'><div class=\"section_inner clearfix\"><div class='section_inner_margin clearfix'><div class=\"wpb_column vc_column_container vc_col-sm-12\"><div class=\"vc_column-inner\"><div class=\"wpb_wrapper\">\n\t<div class=\"wpb_text_column wpb_content_element\">\n\t\t<div class=\"wpb_wrapper\">\n\t\t\t<h2>\u00bfPor qu\u00e9 elegir nuestra formaci\u00f3n en osteopat\u00eda craneal?<\/h2>\n<p>Optar por nuestra formaci\u00f3n en osteopat\u00eda craneal en Guip\u00fazcoa ofrece numerosas ventajas para los estudiantes de \u00c1lava. Con un curr\u00edculo riguroso, profesionales con experiencia y excelentes instalaciones, ofrecemos una formaci\u00f3n integral. La proximidad entre \u00c1lava y Guip\u00fazcoa y las buenas conexiones de transporte facilitan a\u00fan m\u00e1s la decisi\u00f3n.<\/p>\n<h2>C\u00f3mo llegar desde \u00c1lava<\/h2>\n<h3>Conexiones de transporte p\u00fablico<\/h3>\n<p>Viajar desde \u00c1lava a Guip\u00fazcoa es c\u00f3modo y r\u00e1pido con varias opciones de transporte p\u00fablico disponibles. Puedes optar por trenes y autobuses interurbanos que aseguran una conexi\u00f3n fluida entre las dos provincias. Adem\u00e1s, una vez en Guip\u00fazcoa, existen conexiones disponibles para desplazamientos locales.<\/p>\n<h3>Opciones de transporte privado<\/h3>\n<p>Si prefieres el transporte privado, el viaje en coche desde \u00c1lava hasta Guip\u00fazcoa es directo y sencillo. Las rutas principales son la A-1 y la AP-1, con una distancia aproximada de 60-80 km, y un tiempo estimado de viaje de alrededor de 1 hora.<\/p>\n<h2>Alojamiento cercano para estudiantes de \u00c1lava<\/h2>\n<p>Hay diversas opciones de alojamiento cerca del centro de formaci\u00f3n en Guip\u00fazcoa. Desde hoteles hasta hostales y apartamentos, hay alternativas para todos los presupuestos. Estas opciones de alojamiento hacen que la estancia para los estudiantes de \u00c1lava sea c\u00f3moda y conveniente.<\/p>\n<h2>Testimonios de estudiantes de Navarra<\/h2>\n<p>En breve te ofreceremos testimonios de nuestros\/as alumnos\/as alaveses\/as.<\/p>\n<h2>Inscripci\u00f3n y contacto<\/h2>\n<p>Ponte en contacto con nosotros para consultas espec\u00edficas si eres estudiante en Navarra.<\/p>\n\n\t\t<\/div> \n\t<\/div> \n\t<div class=\"wpb_text_column wpb_content_element\">\n\t\t<div class=\"wpb_wrapper\">\n\t\t\t<h2 style=\"text-align: center;\">Gurekin kontaktatu<\/h2>\n\n\t\t<\/div> \n\t<\/div> \n\t<div class=\"wpb_text_column wpb_content_element\">\n\t\t<div class=\"wpb_wrapper\">\n\t\t\t<p style=\"text-align: center;\" class=\"translation-block\">Dituzuen beharrei buruzko gero eta informazio gehiago eman hainbat hobeto aholkatuko zaitugu.<\/p>\n\n\t\t<\/div> \n\t<\/div> \t<div class=\"vc_empty_space\"  style=\"height: 3vh\" ><span\n\t\t\tclass=\"vc_empty_space_inner\">\n\t\t\t<span class=\"empty_space_image\"  ><\/span>\n\t\t<\/span><\/div>\n\n<\/div><\/div><\/div><\/div><\/div><\/div><div      class=\"vc_row wpb_row section vc_row-fluid  formulario vc_custom_1698670184962 grid_section\" style=' text-align:left;'><div class=\"section_inner clearfix\"><div class='section_inner_margin clearfix'><div class=\"wpb_column vc_column_container vc_col-sm-6\"><div class=\"vc_column-inner\"><div class=\"wpb_wrapper\">\n<div class=\"wpcf7 no-js\" id=\"wpcf7-f176-o1\" lang=\"es-ES\" dir=\"ltr\" data-wpcf7-id=\"176\">\n<div class=\"screen-reader-response\"><p role=\"status\" aria-live=\"polite\" aria-atomic=\"true\"><\/p> <ul><\/ul><\/div>\n<form action=\"\/eu\/wp-json\/wp\/v2\/pages\/1072#wpcf7-f176-o1\" method=\"post\" class=\"wpcf7-form init default\" aria-label=\"Formulario de contacto\" novalidate=\"novalidate\" data-status=\"init\" data-trp-original-action=\"\/eu\/wp-json\/wp\/v2\/pages\/1072#wpcf7-f176-o1\">\n<fieldset class=\"hidden-fields-container\"><input type=\"hidden\" name=\"_wpcf7\" value=\"176\" \/><input type=\"hidden\" name=\"_wpcf7_version\" value=\"6.1.5\" \/><input type=\"hidden\" name=\"_wpcf7_locale\" value=\"es_ES\" \/><input type=\"hidden\" name=\"_wpcf7_unit_tag\" value=\"wpcf7-f176-o1\" \/><input type=\"hidden\" name=\"_wpcf7_container_post\" value=\"0\" \/><input type=\"hidden\" name=\"_wpcf7_posted_data_hash\" value=\"\" \/><input type=\"hidden\" name=\"_wpcf7_recaptcha_response\" value=\"\" \/>\n<\/fieldset>\n<p><label> Izen-abizenak<br \/>\n<span class=\"wpcf7-form-control-wrap\" data-name=\"your-name\"><input size=\"40\" maxlength=\"400\" class=\"wpcf7-form-control wpcf7-text wpcf7-validates-as-required\" aria-required=\"true\" aria-invalid=\"false\" value=\"\" type=\"text\" name=\"your-name\" \/><\/span> <\/label>\n<\/p>\n<p><label> Helbide elektronikoa<br \/>\n<span class=\"wpcf7-form-control-wrap\" data-name=\"your-email\"><input size=\"40\" maxlength=\"400\" class=\"wpcf7-form-control wpcf7-email wpcf7-validates-as-required wpcf7-text wpcf7-validates-as-email\" aria-required=\"true\" aria-invalid=\"false\" value=\"\" type=\"email\" name=\"your-email\" \/><\/span> <\/label>\n<\/p>\n<p><label> Gaia<br \/>\n<span class=\"wpcf7-form-control-wrap\" data-name=\"your-subject\"><input size=\"40\" maxlength=\"400\" class=\"wpcf7-form-control wpcf7-text wpcf7-validates-as-required\" aria-required=\"true\" aria-invalid=\"false\" value=\"\" type=\"text\" name=\"your-subject\" \/><\/span> <\/label>\n<\/p>\n<p><label> Mezua (aukerazkoa)<br \/>\n<span class=\"wpcf7-form-control-wrap\" data-name=\"your-message\"><textarea cols=\"40\" rows=\"10\" maxlength=\"2000\" class=\"wpcf7-form-control wpcf7-textarea\" aria-invalid=\"false\" name=\"your-message\"><\/textarea><\/span> <\/label>\n<\/p>\n<p><input class=\"wpcf7-form-control wpcf7-submit has-spinner\" type=\"submit\" value=\"Kontaktu\" \/>\n<\/p><div class=\"wpcf7-response-output\" aria-hidden=\"true\"><\/div>\n<input type=\"hidden\" name=\"trp-form-language\" value=\"eu\"\/><\/form>\n<\/div>\n<\/div><\/div><\/div><div class=\"contacto wpb_column vc_column_container vc_col-sm-5 vc_col-lg-offset-1 vc_col-md-offset-1 vc_col-sm-offset-1\"><div class=\"vc_column-inner\"><div class=\"wpb_wrapper\">\n\t<div class=\"wpb_text_column wpb_content_element\">\n\t\t<div class=\"wpb_wrapper\">\n\t\t\t<p>Kontaktu-datuak<\/p>\n\n\t\t<\/div> \n\t<\/div> \t<div class=\"vc_empty_space\"  style=\"height: 2vh\" ><span\n\t\t\tclass=\"vc_empty_space_inner\">\n\t\t\t<span class=\"empty_space_image\"  ><\/span>\n\t\t<\/span><\/div>\n\n\n\t<div class=\"wpb_text_column wpb_content_element  destacado\">\n\t\t<div class=\"wpb_wrapper\">\n\t\t\t<p><a href=\"mailto:academia@aocraneal.com\">academia@aocraneal.com<\/a><\/p>\n<p>&nbsp;<\/p>\n<p><a href=\"https:\/\/www.google.com\/maps\/place\/Usandizaga+Kalea,+8,+20002+Donostia,+Gipuzkoa\/@43.3234443,-1.9779494,15z\/data=!4m13!1m7!3m6!1s0xd51a5456769925f:0x685c2d97d58b5f7e!2sUsandizaga+Kalea,+8,+20002+Donostia,+Gipuzkoa!3b1!8m2!3d43.323351!4d-1.9779537!3m4!1s0xd51a5456769925f:0x685c2d97d58b5f7e!8m2!3d43.323351!4d-1.9779537\">c\/ Usandizaga N\u00ba8 1\u00ba izda.<\/a><br \/>\n20002 Donostia-San Sebasti\u00e1n<\/p>\n<p>&nbsp;<\/p>\n<p><a href=\"tel:+34943292373\">943 292 373<\/a><\/p>\n<p>&nbsp;<\/p>\n<p><a href=\"https:\/\/www.instagram.com\/academia_osteopatia_craneal\/\" target=\"_blank\" rel=\"noopener\">Instagram<\/a><\/p>\n\n\t\t<\/div> \n\t<\/div> <div      class=\"vc_row wpb_row section vc_row-fluid vc_inner\" style=' text-align:left;'><div class=\"full_section_inner clearfix\"><div class=\"icono-contacto wpb_column vc_column_container vc_col-sm-4 vc_col-lg-2 vc_col-md-2\"><div class=\"vc_column-inner\"><div class=\"wpb_wrapper\">\n\t<div class=\"wpb_single_image wpb_content_element vc_align_left   icono-formulario\">\n\t\t<div class=\"wpb_wrapper\">\n\t\t\t\n\t\t\t<a href=\"tel:+34943292373\" target=\"_self\"><div class=\"vc_single_image-wrapper   vc_box_border_grey\"><img loading=\"lazy\" decoding=\"async\" width=\"150\" height=\"150\" src=\"https:\/\/aocraneal.com\/wp-content\/uploads\/2021\/05\/tfn.svg\" class=\"vc_single_image-img attachment-thumbnail\" alt=\"\" title=\"tfn\" \/><\/div><\/a>\n\t\t<\/div>\n\t<\/div>\n<\/div><\/div><\/div><div class=\"icono-contacto wpb_column vc_column_container vc_col-sm-4 vc_col-lg-2 vc_col-md-2\"><div class=\"vc_column-inner\"><div class=\"wpb_wrapper\">\n\t<div class=\"wpb_single_image wpb_content_element vc_align_left   icono-formulario\">\n\t\t<div class=\"wpb_wrapper\">\n\t\t\t\n\t\t\t<a href=\"mailto:academia@aocraneal.com\" target=\"_self\"><div class=\"vc_single_image-wrapper   vc_box_border_grey\"><img loading=\"lazy\" decoding=\"async\" width=\"150\" height=\"150\" src=\"https:\/\/aocraneal.com\/wp-content\/uploads\/2021\/04\/correo.svg\" class=\"vc_single_image-img attachment-thumbnail\" alt=\"\" title=\"correo\" \/><\/div><\/a>\n\t\t<\/div>\n\t<\/div>\n<\/div><\/div><\/div><div class=\"icono-contacto wpb_column vc_column_container vc_col-sm-4 vc_col-lg-2 vc_col-md-2\"><div class=\"vc_column-inner\"><div class=\"wpb_wrapper\">\n\t<div class=\"wpb_single_image wpb_content_element vc_align_left   icono-formulario\">\n\t\t<div class=\"wpb_wrapper\">\n\t\t\t\n\t\t\t<a href=\"https:\/\/www.google.com\/maps\/place\/Usandizaga+Kalea,+8,+20002+Donostia,+Gipuzkoa\/@43.3234443,-1.9779494,15z\/data=!4m13!1m7!3m6!1s0xd51a5456769925f:0x685c2d97d58b5f7e!2sUsandizaga+Kalea,+8,+20002+Donostia,+Gipuzkoa!3b1!8m2!3d43.323351!4d-1.9779537!3m4!1s0xd51a5456769925f:0x685c2d97d58b5f7e!8m2!3d43.323351!4d-1.9779537\" target=\"_blank\"><div class=\"vc_single_image-wrapper   vc_box_border_grey\"><img loading=\"lazy\" decoding=\"async\" width=\"150\" height=\"150\" src=\"https:\/\/aocraneal.com\/wp-content\/uploads\/2021\/04\/donde.svg\" class=\"vc_single_image-img attachment-thumbnail\" alt=\"\" title=\"donde\" \/><\/div><\/a>\n\t\t<\/div>\n\t<\/div>\n<\/div><\/div><\/div><\/div><\/div><\/div><\/div><\/div><\/div><\/div><\/div>\n<\/div>","protected":false},"excerpt":{"rendered":"Formaci\u00f3n en UNED-Bergara Descubre la formaci\u00f3n en osteopat\u00eda craneal en Guip\u00fazcoa, especialmente dise\u00f1ada para ser accesible a estudiantes de provincias cercanas como \u00c1lava. \u00bfPor qu\u00e9 elegir nuestra formaci\u00f3n en osteopat\u00eda craneal? Optar por nuestra formaci\u00f3n en osteopat\u00eda craneal en Guip\u00fazcoa ofrece numerosas ventajas para los...","protected":false},"author":4,"featured_media":0,"parent":0,"menu_order":0,"comment_status":"closed","ping_status":"closed","template":"full_width.php","meta":{"inline_featured_image":false,"footnotes":""},"class_list":["post-1072","page","type-page","status-publish","hentry"],"yoast_head":"<!-- This site is optimized with the Yoast SEO plugin v27.5 - https:\/\/yoast.com\/product\/yoast-seo-wordpress\/ -->\n<title>Osteopat\u00eda craneal en \u00c1lava -<\/title>\n<meta name=\"description\" content=\"Conoce la formaci\u00f3n en osteopat\u00eda craneal pr\u00f3xima a \u00c1lava y Vitoria.\" \/>\n<meta name=\"robots\" content=\"index, follow, max-snippet:-1, max-image-preview:large, max-video-preview:-1\" \/>\n<link rel=\"canonical\" href=\"https:\/\/aocraneal.com\/eu\/osteopatia-craneal-alava\/\" \/>\n<meta property=\"og:locale\" content=\"en_US\" \/>\n<meta property=\"og:type\" content=\"article\" \/>\n<meta property=\"og:title\" content=\"Osteopat\u00eda craneal en \u00c1lava -\" \/>\n<meta property=\"og:description\" content=\"Conoce la formaci\u00f3n en osteopat\u00eda craneal pr\u00f3xima a \u00c1lava y Vitoria.\" \/>\n<meta property=\"og:url\" content=\"https:\/\/aocraneal.com\/eu\/osteopatia-craneal-alava\/\" \/>\n<meta property=\"og:site_name\" content=\"AOC\" \/>\n<meta name=\"twitter:card\" content=\"summary_large_image\" \/>\n<meta name=\"twitter:label1\" content=\"Est. reading time\" \/>\n\t<meta name=\"twitter:data1\" content=\"2 minutua\" \/>\n<script type=\"application\/ld+json\" class=\"yoast-schema-graph\">{\"@context\":\"https:\\\/\\\/schema.org\",\"@graph\":[{\"@type\":\"WebPage\",\"@id\":\"https:\\\/\\\/aocraneal.com\\\/osteopatia-craneal-alava\\\/\",\"url\":\"https:\\\/\\\/aocraneal.com\\\/osteopatia-craneal-alava\\\/\",\"name\":\"Osteopat\u00eda craneal en \u00c1lava -\",\"isPartOf\":{\"@id\":\"https:\\\/\\\/aocraneal.com\\\/#website\"},\"datePublished\":\"2023-10-30T18:14:31+00:00\",\"description\":\"Conoce la formaci\u00f3n en osteopat\u00eda craneal pr\u00f3xima a \u00c1lava y Vitoria.\",\"breadcrumb\":{\"@id\":\"https:\\\/\\\/aocraneal.com\\\/osteopatia-craneal-alava\\\/#breadcrumb\"},\"inLanguage\":\"eu\",\"potentialAction\":[{\"@type\":\"ReadAction\",\"target\":[\"https:\\\/\\\/aocraneal.com\\\/osteopatia-craneal-alava\\\/\"]}]},{\"@type\":\"BreadcrumbList\",\"@id\":\"https:\\\/\\\/aocraneal.com\\\/osteopatia-craneal-alava\\\/#breadcrumb\",\"itemListElement\":[{\"@type\":\"ListItem\",\"position\":1,\"name\":\"Portada\",\"item\":\"https:\\\/\\\/aocraneal.com\\\/\"},{\"@type\":\"ListItem\",\"position\":2,\"name\":\"Osteopat\u00eda craneal en \u00c1lava\"}]},{\"@type\":\"WebSite\",\"@id\":\"https:\\\/\\\/aocraneal.com\\\/#website\",\"url\":\"https:\\\/\\\/aocraneal.com\\\/\",\"name\":\"AOC\",\"description\":\"Academia Osteopat\u00eda Craneal\",\"potentialAction\":[{\"@type\":\"SearchAction\",\"target\":{\"@type\":\"EntryPoint\",\"urlTemplate\":\"https:\\\/\\\/aocraneal.com\\\/?s={search_term_string}\"},\"query-input\":{\"@type\":\"PropertyValueSpecification\",\"valueRequired\":true,\"valueName\":\"search_term_string\"}}],\"inLanguage\":\"eu\"}]}<\/script>\n<!-- \/ Yoast SEO plugin. -->","yoast_head_json":{"title":"Osteopat\u00eda craneal en \u00c1lava -","description":"Conoce la formaci\u00f3n en osteopat\u00eda craneal pr\u00f3xima a \u00c1lava y Vitoria.","robots":{"index":"index","follow":"follow","max-snippet":"max-snippet:-1","max-image-preview":"max-image-preview:large","max-video-preview":"max-video-preview:-1"},"canonical":"https:\/\/aocraneal.com\/eu\/osteopatia-craneal-alava\/","og_locale":"en_US","og_type":"article","og_title":"Osteopat\u00eda craneal en \u00c1lava -","og_description":"Conoce la formaci\u00f3n en osteopat\u00eda craneal pr\u00f3xima a \u00c1lava y Vitoria.","og_url":"https:\/\/aocraneal.com\/eu\/osteopatia-craneal-alava\/","og_site_name":"AOC","twitter_card":"summary_large_image","twitter_misc":{"Est. reading time":"2 minutua"},"schema":{"@context":"https:\/\/schema.org","@graph":[{"@type":"WebPage","@id":"https:\/\/aocraneal.com\/osteopatia-craneal-alava\/","url":"https:\/\/aocraneal.com\/osteopatia-craneal-alava\/","name":"Osteopat\u00eda craneal en \u00c1lava -","isPartOf":{"@id":"https:\/\/aocraneal.com\/#website"},"datePublished":"2023-10-30T18:14:31+00:00","description":"Conoce la formaci\u00f3n en osteopat\u00eda craneal pr\u00f3xima a \u00c1lava y Vitoria.","breadcrumb":{"@id":"https:\/\/aocraneal.com\/osteopatia-craneal-alava\/#breadcrumb"},"inLanguage":"eu","potentialAction":[{"@type":"ReadAction","target":["https:\/\/aocraneal.com\/osteopatia-craneal-alava\/"]}]},{"@type":"BreadcrumbList","@id":"https:\/\/aocraneal.com\/osteopatia-craneal-alava\/#breadcrumb","itemListElement":[{"@type":"ListItem","position":1,"name":"Portada","item":"https:\/\/aocraneal.com\/"},{"@type":"ListItem","position":2,"name":"Osteopat\u00eda craneal en \u00c1lava"}]},{"@type":"WebSite","@id":"https:\/\/aocraneal.com\/#website","url":"https:\/\/aocraneal.com\/","name":"AOC","description":"Academia Osteopat\u00eda Craneal","potentialAction":[{"@type":"SearchAction","target":{"@type":"EntryPoint","urlTemplate":"https:\/\/aocraneal.com\/?s={search_term_string}"},"query-input":{"@type":"PropertyValueSpecification","valueRequired":true,"valueName":"search_term_string"}}],"inLanguage":"eu"}]}},"_links":{"self":[{"href":"https:\/\/aocraneal.com\/eu\/wp-json\/wp\/v2\/pages\/1072","targetHints":{"allow":["GET"]}}],"collection":[{"href":"https:\/\/aocraneal.com\/eu\/wp-json\/wp\/v2\/pages"}],"about":[{"href":"https:\/\/aocraneal.com\/eu\/wp-json\/wp\/v2\/types\/page"}],"author":[{"embeddable":true,"href":"https:\/\/aocraneal.com\/eu\/wp-json\/wp\/v2\/users\/4"}],"replies":[{"embeddable":true,"href":"https:\/\/aocraneal.com\/eu\/wp-json\/wp\/v2\/comments?post=1072"}],"version-history":[{"count":4,"href":"https:\/\/aocraneal.com\/eu\/wp-json\/wp\/v2\/pages\/1072\/revisions"}],"predecessor-version":[{"id":1077,"href":"https:\/\/aocraneal.com\/eu\/wp-json\/wp\/v2\/pages\/1072\/revisions\/1077"}],"wp:attachment":[{"href":"https:\/\/aocraneal.com\/eu\/wp-json\/wp\/v2\/media?parent=1072"}],"curies":[{"name":"wp","href":"https:\/\/api.w.org\/{rel}","templated":true}]}}